{"id":18,"date":"2012-09-23T21:34:50","date_gmt":"2012-09-23T19:34:50","guid":{"rendered":"http:\/\/www.wege-zum-aufstieg.info\/blog\/?page_id=18"},"modified":"2021-01-29T21:01:15","modified_gmt":"2021-01-29T20:01:15","slug":"willkommen","status":"publish","type":"page","link":"https:\/\/www.wege-zum-aufstieg.info\/blog\/","title":{"rendered":"Willkommen"},"content":{"rendered":"<p><em><a title=\"English\" href=\"https:\/\/www.wege-zum-aufstieg.info\/blog\/english\/\">For English visitors<\/a><\/em><\/p>\n<p><strong><em>Diese Seite ist reserviert f\u00fcr alle, die sich f\u00fcr Elementar- oder Naturwesen interessieren, mehr \u00fcber sie erfahren wollen und ihnen Gef\u00fchle der Freundschaft und Dankbarkeit entgegenbringen. Sie entstand auf Anregung der Literatur von Margot Ruis, der zufolge die Naturwesen w\u00fcnschen, dass die Menschen von ihrer Existenz und ihren Bed\u00fcrfnissen erfahren sollen:&nbsp;<\/em><\/strong><\/p>\n<p><strong style=\"color: #333333; font-style: normal; line-height: 24px;\"><em><strong><em><a style=\"text-decoration: underline;\" href=\"https:\/\/www.wege-zum-aufstieg.info\/blog\">https:\/\/www.wege-zum-aufstieg.info\/blog<\/a><\/em><\/strong><\/em><\/strong><\/p>\n<p>Den aktuellen Artikel finden Sie wie immer im&nbsp;<span style=\"text-decoration: underline;\"><strong><a style=\"color: #1b8be0; font-variant: normal; font-size: 15px; font-family: 'Helvetica Neue', Helvetica, Arial, sans-serif; font-style: inherit; font-weight: inherit; line-height: 1.625; text-decoration: underline;\" title=\"Elfentagebuch\" href=\"https:\/\/www.wege-zum-aufstieg.info\/blog\/elfentagebuch\/\">&#8222;Elfentagebuch&#8220;<\/a><\/strong><\/span>!<\/p>\n<p><span style=\"text-decoration: underline;\"><strong>Wenn Sie m\u00f6chten, melden Sie sich dort auch gleich f\u00fcr unseren <a title=\"Elfentagebuch\" href=\"http:\/\/www.wege-zum-aufstieg.info\/blog\/elfentagebuch\/\">Newsletter<\/a> an &#8211; Sie werden dann \u00fcber Neuigkeiten auf dieser Seite regelm\u00e4\u00dfig informiert!<\/strong><\/span><\/p>\n<p>Am 21. Juni 2019 erschien mein neues Buch:<\/p>\n<p><a href=\"https:\/\/www.wege-zum-aufstieg.info\/blog\/wp-content\/uploads\/2019\/06\/Cover-Ansicht.png\"><img loading=\"lazy\" decoding=\"async\" class=\"size-full wp-image-4130\" src=\"http:\/\/www.wege-zum-aufstieg.info\/blog\/wp-content\/uploads\/2019\/06\/Cover-Ansicht.png\" alt=\"Buch Ansicht cover\" width=\"490\" height=\"661\" srcset=\"https:\/\/www.wege-zum-aufstieg.info\/blog\/wp-content\/uploads\/2019\/06\/Cover-Ansicht.png 490w, https:\/\/www.wege-zum-aufstieg.info\/blog\/wp-content\/uploads\/2019\/06\/Cover-Ansicht-222x300.png 222w\" sizes=\"auto, (max-width: 490px) 100vw, 490px\" \/><\/a><\/p>\n<p>Hier k\u00f6nnen sie es<a href=\"https:\/\/tredition.de\/autoren\/simon-a-epptaler-27789\/das-ueberirdische-in-der-natur-paperback-118150\/\"> ansehen und auch bestelle<\/a>n und hier <a title=\"Das \u00dcberirdische in der Natur\" href=\"http:\/\/www.wege-zum-aufstieg.info\/blog\/das-uberirdische-in-der-natur\/\">noch n\u00e4heres dazu erfahren<\/a>. Das Titelbild stammt von dem deutschen Fotok\u00fcnstler <a title=\"Anderswelten\" href=\"http:\/\/www.wege-zum-aufstieg.info\/blog\/jenseitswelten\/\">Elmar Hauck<\/a>, mit dem gemeinsam ich einige Beitr\u00e4ge hier auf diesem Weblog gestaltet habe.<\/p>\n<p>Und als Hintergrundbild nutze ich f\u00fcr dieses Weblog eine gemeinfreie Aufnahme des Hubble Weltraumteleskops (Quelle: Wikipedia).<\/p>\n<p>Am 13.&nbsp;Oktober 2013&nbsp;war die Premiere&nbsp;<strong>eines Films mit Margot Ruis und Gerhard Kogoj:<\/strong><\/p>\n<p style=\"text-align: center;\"><strong><a title=\"Naturwesen \u2013 Botschaft von vergessenen Freunden: Der Film\" href=\"http:\/\/www.wege-zum-aufstieg.info\/blog\/kunst\/naturwesen-botschaft-von-vergessenen-freunden-der-film\/\">Naturwesen &#8211; Botschaft von vergessenen Freunden<\/a><\/strong><\/p>\n<p style=\"text-align: left;\">Die DVD kann auch auch \u00fcber das &#8222;ElfenWirken&#8220; vermittelt werden: Bei Interesse schicken Sie einfach ein Mail an elfenwirken@gmx.at!<\/p>\n<p style=\"text-align: left;\">Hier &#8211; wie bereits im <a title=\"Willkommen im Netz\u2026.!\" href=\"https:\/\/www.wege-zum-aufstieg.info\/blog\/willkommen-im-netz\/\" target=\"_blank\" rel=\"noopener noreferrer\">November 2012 versprochen<\/a> &#8211; exklusiv eine kleine Kostprobe daraus:<\/p>\n<p><iframe loading=\"lazy\" src=\"https:\/\/www.youtube.com\/embed\/MZvVV8qESzQ\" width=\"560\" height=\"315\" frameborder=\"0\"><\/iframe><\/p>\n<p style=\"text-align: left;\">M\u00f6ge das Wissen von der Existenz und dem unentbehrlichen Wirken der Naturwesen immer weitere Kreise ziehen und eine T\u00fcre \u00f6ffnen zur \u00dcberwindung des Materialismus unserer Zeit!<\/p>\n<p style=\"text-align: left;\"><span style=\"color: #000000;\"><em>In Margots neuem Buch (Naturwesen und Erdheilung, Gralsverlag 2011) liest man:&nbsp;<\/em><\/span><\/p>\n<blockquote><p><span style=\"color: #000000;\">&#8222;Vor einem Seminar 2009 fragte ich einen Gro\u00dfen Elf, ob es irgendetwas Positives zu berichten g\u00e4be. Ich wollte nicht immer Kassandra sein! &#8218;Manche Menschen werden lichter, manche&#8216;, antwortete er, und ich frohlockte. &#8218;Aber die meisten sind weit davon entfernt.&#8216; Das war ja nun auch nicht als positive Neuigkeit zu bezeichnen. &#8218;Was w\u00e4re n\u00f6tig, um das zu beschleunigen?&#8216; fragte ich den Elf. &#8218;Wie viele Menschen sind n\u00f6tig, um wirklich etwas zu ver\u00e4ndern?&#8216; &#8211; &#8218;Einer von Hundert&#8216; kam es \u00fcberraschend zur\u00fcck.&#8220; (S. 152)<\/span><\/p><\/blockquote>\n<p><span style=\"color: #000000;\"><em><strong>Wir widmen diese Seite den Naturwesen und hoffen, dass durch sie m\u00f6glichst viele Menschen der Natur und ihren Wesen n\u00e4her kommen m\u00f6gen!<\/strong><\/em><\/span><\/p>\n<p><span style=\"color: #000000;\"><em><span style=\"color: #339966;\">Margot Ruis, die &#8222;Geburtshelferin&#8220; dieser Seite, hat sich mit 23. Mai 2013 davon wieder zur\u00fcckgezogen, um &nbsp;nun endg\u00fcltig in ihrer wohlverdienten &#8222;Elfenpension&#8220; sich vermehrt kontemplativen Aufgaben widmen zu k\u00f6nnen.<\/span> <strong>Wir danken Margot Ruis und ihrem Ehemann Gerhard Kogoj f\u00fcr die &#8222;Starthilfe&#8220;, die unserem Weblog durch sie zuteil geworden ist und f\u00fcr die vielen Beitr\u00e4ge, mit denen sie diese Seiten bereichert haben und wir w\u00fcnschen ihnen von Herzen noch viel kraftvolles spirituelles Erleben mit ihren feinstofflichen Freunden aus dem Reich der Naturwesen!<\/strong><\/em><\/span><\/p>\n<p><em>Wenn Sie an der weiteren Entwicklung dieses Weblogs mitwirken wollen und uns Beitr\u00e4ge, Anregungen oder auch Kritik schicken wollen, so freuen wir uns \u00fcber Zuschriften unter <\/em><strong><em>elfenwirken@gmx.at<\/em><em> !<\/em><\/strong><\/p>\n<div>\n<p><strong><em>&nbsp;<\/em><\/strong><\/p>\n<\/div>\n","protected":false},"excerpt":{"rendered":"<p>For English visitors Diese Seite ist reserviert f\u00fcr alle, die sich f\u00fcr Elementar- oder Naturwesen interessieren, mehr \u00fcber sie erfahren wollen und ihnen Gef\u00fchle der Freundschaft und Dankbarkeit entgegenbringen. Sie entstand auf Anregung der Literatur von Margot Ruis, der zufolge &hellip; <a href=\"https:\/\/www.wege-zum-aufstieg.info\/blog\/\">Weiterlesen <span class=\"meta-nav\">&rarr;<\/span><\/a><\/p>\n","protected":false},"author":1,"featured_media":0,"parent":0,"menu_order":1,"comment_status":"open","ping_status":"open","template":"","meta":{"footnotes":""},"class_list":["post-18","page","type-page","status-publish","hentry"],"_links":{"self":[{"href":"https:\/\/www.wege-zum-aufstieg.info\/blog\/wp-json\/wp\/v2\/pages\/18","targetHints":{"allow":["GET"]}}],"collection":[{"href":"https:\/\/www.wege-zum-aufstieg.info\/blog\/wp-json\/wp\/v2\/pages"}],"about":[{"href":"https:\/\/www.wege-zum-aufstieg.info\/blog\/wp-json\/wp\/v2\/types\/page"}],"author":[{"embeddable":true,"href":"https:\/\/www.wege-zum-aufstieg.info\/blog\/wp-json\/wp\/v2\/users\/1"}],"replies":[{"embeddable":true,"href":"https:\/\/www.wege-zum-aufstieg.info\/blog\/wp-json\/wp\/v2\/comments?post=18"}],"version-history":[{"count":91,"href":"https:\/\/www.wege-zum-aufstieg.info\/blog\/wp-json\/wp\/v2\/pages\/18\/revisions"}],"predecessor-version":[{"id":4797,"href":"https:\/\/www.wege-zum-aufstieg.info\/blog\/wp-json\/wp\/v2\/pages\/18\/revisions\/4797"}],"wp:attachment":[{"href":"https:\/\/www.wege-zum-aufstieg.info\/blog\/wp-json\/wp\/v2\/media?parent=18"}],"curies":[{"name":"wp","href":"https:\/\/api.w.org\/{rel}","templated":true}]}}